{"id":2,"date":"2012-06-01T22:08:25","date_gmt":"2012-06-01T22:08:25","guid":{"rendered":"http:\/\/lemoncomics.lolislove.us\/?page_id=2"},"modified":"2013-08-13T09:57:52","modified_gmt":"2013-08-13T09:57:52","slug":"sample-page","status":"publish","type":"page","link":"http:\/\/lemoncomics.lolislove.us\/?page_id=2","title":{"rendered":"About \/ Tietoa"},"content":{"rendered":"<p><strong>Lemon Comics<\/strong> on blogi johon on tarkoitus ker\u00e4t\u00e4 japanilaisen piirroserotiikan historiaa digitaalisessa muodossa j\u00e4lkipolville.<\/p>\n<p><strong>Lemon Comics<\/strong> is just your average blog concerning the digital preservation of the 80s &#8220;hentai&#8221; and &#8220;lolicon&#8221; culture. <del>Non-finnish readers are recommended to use <a href=\"http:\/\/translate.google.com\" target=\"_blank\">Google Translate<\/a> for massive damage.<\/del><\/p>\n<p>Note that <strong>Lemon Comics<\/strong> hearthily recommends to buy originals rather than stick to scans, but we also realize that it&#8217;s not always possible especially in the case of vintage comics and that&#8217;s the reason why <strong>Lemon Comics<\/strong> exists in the first place.<\/p>\n<p>Couple of disclaimers:<\/p>\n<p><strong>Lemon Comics<\/strong> will not be publishing any works that are currently printed in Japan. This is a blog about history.<\/p>\n<p>Note that there is no guarantee on the accuracy and quality of translations. They are presented purely as fan works. People behind them aren&#8217;t professional translations in any way, but fans who are studying or have studied Japanese.<\/p>\n<p>Inquiries concerning removal of copyrighted material can be sent to: randoseru@littleangelshentai.net<\/p>\n<p><a href=\"http:\/\/lemoncomics.lolislove.us\/wp-content\/uploads\/2012\/06\/sukkikset.jpg\"><img loading=\"lazy\" decoding=\"async\" class=\"alignnone size-medium wp-image-13\" title=\"sukkikset\" alt=\"\" src=\"http:\/\/lemoncomics.lolislove.us\/wp-content\/uploads\/2012\/06\/sukkikset-194x300.jpg\" width=\"194\" height=\"300\" srcset=\"http:\/\/lemoncomics.lolislove.us\/wp-content\/uploads\/2012\/06\/sukkikset-194x300.jpg 194w, http:\/\/lemoncomics.lolislove.us\/wp-content\/uploads\/2012\/06\/sukkikset-663x1024.jpg 663w, http:\/\/lemoncomics.lolislove.us\/wp-content\/uploads\/2012\/06\/sukkikset.jpg 838w\" sizes=\"auto, (max-width: 194px) 100vw, 194px\" \/><\/a><\/p>\n<p>\u3053\u306e\u30d6\u30ed\u30b0\u306f80\u5e74\u4ee3\u306e\u30a8\u30ed\u30de\u30f3\u30ac\u306b\u3064\u3044\u3066\u3067\u3059\u3002 \u3053\u3053\u306b\u30b9\u30ad\u30e3\u30f3\u3068\u60c5\u5831\u304c\u3042\u308a\u307e\u3059\u3002\u7533\u3057\u8a33\u3042\u308a\u307e\u305b\u3093\u3001\u3053\u306e\u30a6\u30a7\u30d6\u30b5\u30a4\u30c8\u306f\u82f1\u8a9e\u3068\u30d5\u30a3\u30f3\u30e9\u30f3\u30c9\u8a9e\u3060\u3051\u3067\u3059\u3002<\/p>\n<p>\u8457\u4f5c\u6a29\u306b\u95a2\u3059\u308b\u304a\u554f\u3044\u5408\u308f\u305b: randoseru@littleangelshentai.net<\/p>\n<p>&nbsp;<\/p>\n","protected":false},"excerpt":{"rendered":"<p>Lemon Comics on blogi johon on tarkoitus ker\u00e4t\u00e4 japanilaisen piirroserotiikan historiaa digitaalisessa muodossa j\u00e4lkipolville. Lemon Comics is just your average blog concerning the digital preservation of the 80s &#8220;hentai&#8221; and &#8220;lolicon&#8221; culture. Non-finnish readers are recommended to use Google Translate &hellip; <a href=\"http:\/\/lemoncomics.lolislove.us\/?page_id=2\">Continue reading <span class=\"meta-nav\">&rarr;<\/span><\/a><\/p>\n","protected":false},"author":1,"featured_media":0,"parent":0,"menu_order":0,"comment_status":"open","ping_status":"open","template":"","meta":{"footnotes":""},"class_list":["post-2","page","type-page","status-publish","hentry"],"_links":{"self":[{"href":"http:\/\/lemoncomics.lolislove.us\/index.php?rest_route=\/wp\/v2\/pages\/2","targetHints":{"allow":["GET"]}}],"collection":[{"href":"http:\/\/lemoncomics.lolislove.us\/index.php?rest_route=\/wp\/v2\/pages"}],"about":[{"href":"http:\/\/lemoncomics.lolislove.us\/index.php?rest_route=\/wp\/v2\/types\/page"}],"author":[{"embeddable":true,"href":"http:\/\/lemoncomics.lolislove.us\/index.php?rest_route=\/wp\/v2\/users\/1"}],"replies":[{"embeddable":true,"href":"http:\/\/lemoncomics.lolislove.us\/index.php?rest_route=%2Fwp%2Fv2%2Fcomments&post=2"}],"version-history":[{"count":25,"href":"http:\/\/lemoncomics.lolislove.us\/index.php?rest_route=\/wp\/v2\/pages\/2\/revisions"}],"predecessor-version":[{"id":703,"href":"http:\/\/lemoncomics.lolislove.us\/index.php?rest_route=\/wp\/v2\/pages\/2\/revisions\/703"}],"wp:attachment":[{"href":"http:\/\/lemoncomics.lolislove.us\/index.php?rest_route=%2Fwp%2Fv2%2Fmedia&parent=2"}],"curies":[{"name":"wp","href":"https:\/\/api.w.org\/{rel}","templated":true}]}}